{"id":7,"date":"2011-03-04T15:36:57","date_gmt":"2011-03-04T15:36:57","guid":{"rendered":"https:\/\/chairetable.com.br\/blog\/?page_id=7"},"modified":"2015-07-29T14:34:38","modified_gmt":"2015-07-29T17:34:38","slug":"produtos-chair-e-table","status":"publish","type":"page","link":"https:\/\/chairetable.com.br\/blog\/produtos-chair-e-table\/","title":{"rendered":"Empresa"},"content":{"rendered":"<p><span style=\"font-family: Arial,Helvetica,sans-serif;\">H\u00e1 mais de 20 anos a Chair &amp; Table vem &#8220;Fabricando Qualidade&#8221; na linha de cadeiras e mesas. S\u00e3o produtos para: cozinhas industriais, restaurantes, buffets e audit\u00f3rios.<br \/>\nA <strong>Chair &amp; Table<\/strong> Tem como filosofia: &#8220;O Cliente em Primeiro Lugar&#8221;, procurando a satisfa\u00e7\u00e3o plena com o m\u00e1ximo de respeito, profici\u00eancia e considera\u00e7\u00e3o.<br \/>\nContamos com uma linha de mais de 100 produtos, design pr\u00f3prio e inovador produzidos com materiais de alta qualidade e resist\u00eancia, proporcionando uma gama de op\u00e7\u00f5es para todos os ambientes.<br \/>\nNossos produtos s\u00e3o feitos para <strong>&#8220;durar&#8221;<\/strong>, possibilitam conforto, eleg\u00e2ncia, resist\u00eancia e praticidade.<br \/>\nN<\/span><span style=\"font-family: Arial,Helvetica,sans-serif;\">ossos produtos t\u00eam garantia de 2 anos, oferecendo ao cliente a tranquilidade necess\u00e1ria ao adquir\u00ed-los.<br \/>\nAgora quando voc\u00ea pensar em cadeiras e mesas para sua empresa, lanchonete, restaurante, cozinha ind\u00fastrial ou audit\u00f3rio, pense em <strong>Chair &amp; Table<\/strong>.<\/span><\/p>\n<p>&nbsp;<\/p>\n<p><span style=\"font-family: Arial,Helvetica,sans-serif;\">Acesse agora o Site Oficial da Chair e Table e conhe\u00e7a nossos produtos.<\/span><\/p>\n<p><span style=\"font-family: Arial,Helvetica,sans-serif;\">www.chairetable.com.br<\/span><\/p>\n<p><span style=\"font-family: Arial,Helvetica,sans-serif;\"><br \/>\nSe voc\u00ea preferir acesse no banner ao lado o produto de sua escolha.&#8212;&#8212;&#8212;-&gt;<br \/>\n<\/span><\/p>\n","protected":false},"excerpt":{"rendered":"<p>H\u00e1 mais de 20 anos a Chair &amp; Table vem &#8220;Fabricando Qualidade&#8221; na linha de cadeiras e mesas. S\u00e3o produtos para: cozinhas industriais, restaurantes, buffets e audit\u00f3rios. A Chair &amp; Table Tem como filosofia: &#8220;O Cliente em Primeiro Lugar&#8221;, procurando<\/p>\n","protected":false},"author":3,"featured_media":0,"parent":0,"menu_order":2,"comment_status":"open","ping_status":"closed","template":"","meta":{"footnotes":""},"class_list":["post-7","page","type-page","status-publish","hentry"],"_links":{"self":[{"href":"https:\/\/chairetable.com.br\/blog\/wp-json\/wp\/v2\/pages\/7","targetHints":{"allow":["GET"]}}],"collection":[{"href":"https:\/\/chairetable.com.br\/blog\/wp-json\/wp\/v2\/pages"}],"about":[{"href":"https:\/\/chairetable.com.br\/blog\/wp-json\/wp\/v2\/types\/page"}],"author":[{"embeddable":true,"href":"https:\/\/chairetable.com.br\/blog\/wp-json\/wp\/v2\/users\/3"}],"replies":[{"embeddable":true,"href":"https:\/\/chairetable.com.br\/blog\/wp-json\/wp\/v2\/comments?post=7"}],"version-history":[{"count":0,"href":"https:\/\/chairetable.com.br\/blog\/wp-json\/wp\/v2\/pages\/7\/revisions"}],"wp:attachment":[{"href":"https:\/\/chairetable.com.br\/blog\/wp-json\/wp\/v2\/media?parent=7"}],"curies":[{"name":"wp","href":"https:\/\/api.w.org\/{rel}","templated":true}]}}